{"id":2881,"date":"2026-05-12T14:06:47","date_gmt":"2026-05-12T17:06:47","guid":{"rendered":"https:\/\/www.aaps.org.br\/site\/?page_id=2881"},"modified":"2026-05-12T14:06:47","modified_gmt":"2026-05-12T17:06:47","slug":"politica-de-registro-de-imagens-em-eventos","status":"publish","type":"page","link":"https:\/\/www.aaps.org.br\/site\/politica-de-registro-de-imagens-em-eventos\/","title":{"rendered":"POL\u00cdTICA DE REGISTRO DE IMAGENS EM EVENTOS"},"content":{"rendered":"<h2><span style=\"font-size: 10.0pt; font-family: 'Verdana',sans-serif;\">POL\u00cdTICA DE REGISTRO DE IMAGENS EM EVENTOS<\/span><\/h2>\n<p><span style=\"font-size: 10.0pt; font-family: 'Verdana',sans-serif;\">A AAPS \u2013 Associa\u00e7\u00e3o dos Aposentados e Pensionistas da Previ-Siemens realiza registros fotogr\u00e1ficos de seus encontros, eventos e atividades com a finalidade de preservar a mem\u00f3ria institucional e divulgar suas iniciativas aos associados.<\/span><\/p>\n<p><span style=\"font-size: 10.0pt; font-family: 'Verdana',sans-serif;\">As imagens poder\u00e3o ser utilizadas em:S<br \/>\nite institucional da associa\u00e7\u00e3o;<br \/>\nInformativos e boletins;<br \/>\nComunica\u00e7\u00f5es internas;<br \/>\nRedes sociais institucionais.<\/span><\/p>\n<p><span style=\"font-size: 10.0pt; font-family: 'Verdana',sans-serif;\">Caso algum associado n\u00e3o deseje aparecer em fotografias ou prefira que determinada imagem seja retirada de publica\u00e7\u00e3o, poder\u00e1 solicitar \u00e0 AAPS a qualquer momento, por meio do e-mail da associa\u00e7\u00e3o, ou atrav\u00e9s de seu Diretor Regional e o pedido ser\u00e1 prontamente atendidos.<\/span><\/p>\n","protected":false},"excerpt":{"rendered":"<div class=\"slide-text-bg2\"><span>POL\u00cdTICA DE REGISTRO DE IMAGENS EM EVENTOS A AAPS \u2013 Associa\u00e7\u00e3o dos Aposentados e Pensionistas da Previ-Siemens realiza registros fotogr\u00e1ficos de seus<\/span><\/div>\n<div class=\"slide-btn-area-sm\"><a href=\"https:\/\/www.aaps.org.br\/site\/politica-de-registro-de-imagens-em-eventos\/\" class=\"slide-btn-sm\"><br \/>\n\t\t\t\t\t\t   Leia mais<\/a><\/div>\n","protected":false},"author":1,"featured_media":0,"parent":0,"menu_order":0,"comment_status":"closed","ping_status":"closed","template":"","meta":[],"_links":{"self":[{"href":"https:\/\/www.aaps.org.br\/site\/wp-json\/wp\/v2\/pages\/2881"}],"collection":[{"href":"https:\/\/www.aaps.org.br\/site\/wp-json\/wp\/v2\/pages"}],"about":[{"href":"https:\/\/www.aaps.org.br\/site\/wp-json\/wp\/v2\/types\/page"}],"author":[{"embeddable":true,"href":"https:\/\/www.aaps.org.br\/site\/wp-json\/wp\/v2\/users\/1"}],"replies":[{"embeddable":true,"href":"https:\/\/www.aaps.org.br\/site\/wp-json\/wp\/v2\/comments?post=2881"}],"version-history":[{"count":1,"href":"https:\/\/www.aaps.org.br\/site\/wp-json\/wp\/v2\/pages\/2881\/revisions"}],"predecessor-version":[{"id":2882,"href":"https:\/\/www.aaps.org.br\/site\/wp-json\/wp\/v2\/pages\/2881\/revisions\/2882"}],"wp:attachment":[{"href":"https:\/\/www.aaps.org.br\/site\/wp-json\/wp\/v2\/media?parent=2881"}],"curies":[{"name":"wp","href":"https:\/\/api.w.org\/{rel}","templated":true}]}}