{"id":2878,"date":"2026-05-12T14:05:48","date_gmt":"2026-05-12T17:05:48","guid":{"rendered":"https:\/\/www.aaps.org.br\/site\/?page_id=2878"},"modified":"2026-05-12T14:05:48","modified_gmt":"2026-05-12T17:05:48","slug":"codigo-de-boas-praticas-digitais","status":"publish","type":"page","link":"https:\/\/www.aaps.org.br\/site\/codigo-de-boas-praticas-digitais\/","title":{"rendered":"C\u00d3DIGO DE BOAS PR\u00c1TICAS DIGITAIS"},"content":{"rendered":"<h2><span style=\"font-size: 10.0pt; font-family: 'Verdana',sans-serif;\">C\u00d3DIGO DE BOAS PR\u00c1TICAS DIGITAIS AAPS \u2013 ASSOCIA\u00c7\u00c3O DOS APOSENTADOS E PENSIONISTAS DA PREVI-SIEMENS<\/span><\/h2>\n<h3><span style=\"font-size: 10.0pt; font-family: 'Verdana',sans-serif;\">OBJETIVO<\/span><\/h3>\n<p><span style=\"font-size: 10.0pt; font-family: 'Verdana',sans-serif;\">O presente C\u00f3digo de Boas Pr\u00e1ticas Digitais tem como objetivo orientar o uso adequado dos meios de comunica\u00e7\u00e3o digitais da AAPS, promovendo respeito, seguran\u00e7a das informa\u00e7\u00f5es e conviv\u00eancia harmoniosa entre os associados.<\/span><\/p>\n<h3><span style=\"font-size: 10.0pt; font-family: 'Verdana',sans-serif;\">USO DOS CANAIS DE COMUNICA\u00c7\u00c3O<\/span><\/h3>\n<p><span style=\"font-size: 10.0pt; font-family: 'Verdana',sans-serif;\">Os canais digitais da AAPS, como site, e-mail institucional e grupos de WhatsApp, destinam-se prioritariamente \u00e0 divulga\u00e7\u00e3o de informa\u00e7\u00f5es institucionais, atividades da associa\u00e7\u00e3o, eventos e assuntos de interesse dos associados.<\/span><\/p>\n<h3><span style=\"font-size: 10.0pt; font-family: 'Verdana',sans-serif;\">RESPEITO E CONVIV\u00caNCIA<\/span><\/h3>\n<p><span style=\"font-size: 10.0pt; font-family: 'Verdana',sans-serif;\">Nos ambientes digitais vinculados \u00e0 AAPS, espera-se que todos os participantes mantenham uma postura respeitosa e cordial, evitando:<br \/>\nMensagens ofensivas ou discriminat\u00f3rias;<br \/>\nDiscuss\u00f5es de natureza pessoal;<br \/>\nConte\u00fados que possam gerar constrangimento a outros associados.<\/span><\/p>\n<h3><span style=\"font-size: 10.0pt; font-family: 'Verdana',sans-serif;\">PROTE\u00c7\u00c3O DE DADOS PESSOAIS<\/span><\/h3>\n<p><span style=\"font-size: 10.0pt; font-family: 'Verdana',sans-serif;\">Os dados dos associados, como telefones, e-mails e endere\u00e7os, s\u00e3o de uso restrito \u00e0 comunica\u00e7\u00e3o institucional da associa\u00e7\u00e3o.<\/span><\/p>\n<p><span style=\"font-size: 10.0pt; font-family: 'Verdana',sans-serif;\">N\u00e3o \u00e9 permitido:<br \/>\nDivulgar ou repassar listas de contatos de associados a terceiros;<br \/>\nUtilizar dados dos associados para fins comerciais ou pessoais;<br \/>\nCompartilhar informa\u00e7\u00f5es pessoais sem autoriza\u00e7\u00e3o do titular.<\/span><\/p>\n<h3><span style=\"font-size: 10.0pt; font-family: 'Verdana',sans-serif;\">GRUPOS DE WHATSAPP<\/span><\/h3>\n<p><span style=\"font-size: 10.0pt; font-family: 'Verdana',sans-serif;\">Nos grupos de WhatsApp administrados pela AAPS:<br \/>\nA participa\u00e7\u00e3o \u00e9 destinada a associados ou convidados pela associa\u00e7\u00e3o;<br \/>\nOs administradores poder\u00e3o orientar ou intervir em caso de uso inadequado do grupo;<br \/>\nConte\u00fados institucionais ter\u00e3o prioridade.<\/span><\/p>\n<h3><span style=\"font-size: 10.0pt; font-family: 'Verdana',sans-serif;\">REGISTROS FOTOGR\u00c1FICOS<\/span><\/h3>\n<p><span style=\"font-size: 10.0pt; font-family: 'Verdana',sans-serif;\">Fotos de encontros e atividades da associa\u00e7\u00e3o poder\u00e3o ser registradas e divulgadas para fins institucionais. Caso algum associado prefira n\u00e3o aparecer em imagens ou deseje a retirada de alguma publica\u00e7\u00e3o, poder\u00e1 solicitar \u00e0 AAPS.<\/span><\/p>\n<h3><span style=\"font-size: 10.0pt; font-family: 'Verdana',sans-serif;\">RESPONSABILIDADE<\/span><\/h3>\n<p><span style=\"font-size: 10.0pt; font-family: 'Verdana',sans-serif;\">O uso inadequado dos canais digitais poder\u00e1 levar \u00e0 advert\u00eancia ou \u00e0 ado\u00e7\u00e3o de medidas administrativas pela associa\u00e7\u00e3o, conforme previsto em seu Estatuto.<\/span><\/p>\n<p style=\"margin-bottom: 12.0pt;\"><span style=\"font-size: 10.0pt; font-family: 'Verdana',sans-serif;\">A AAPS incentiva o uso respons\u00e1vel e respeitoso dos meios digitais, fortalecendo o esp\u00edrito de conviv\u00eancia e integra\u00e7\u00e3o entre seus associados.<\/span><\/p>\n","protected":false},"excerpt":{"rendered":"<div class=\"slide-text-bg2\"><span>C\u00d3DIGO DE BOAS PR\u00c1TICAS DIGITAIS AAPS \u2013 ASSOCIA\u00c7\u00c3O DOS APOSENTADOS E PENSIONISTAS DA PREVI-SIEMENS OBJETIVO O presente C\u00f3digo de Boas Pr\u00e1ticas Digi<\/span><\/div>\n<div class=\"slide-btn-area-sm\"><a href=\"https:\/\/www.aaps.org.br\/site\/codigo-de-boas-praticas-digitais\/\" class=\"slide-btn-sm\"><br \/>\n\t\t\t\t\t\t   Leia mais<\/a><\/div>\n","protected":false},"author":1,"featured_media":0,"parent":0,"menu_order":0,"comment_status":"closed","ping_status":"closed","template":"","meta":[],"_links":{"self":[{"href":"https:\/\/www.aaps.org.br\/site\/wp-json\/wp\/v2\/pages\/2878"}],"collection":[{"href":"https:\/\/www.aaps.org.br\/site\/wp-json\/wp\/v2\/pages"}],"about":[{"href":"https:\/\/www.aaps.org.br\/site\/wp-json\/wp\/v2\/types\/page"}],"author":[{"embeddable":true,"href":"https:\/\/www.aaps.org.br\/site\/wp-json\/wp\/v2\/users\/1"}],"replies":[{"embeddable":true,"href":"https:\/\/www.aaps.org.br\/site\/wp-json\/wp\/v2\/comments?post=2878"}],"version-history":[{"count":1,"href":"https:\/\/www.aaps.org.br\/site\/wp-json\/wp\/v2\/pages\/2878\/revisions"}],"predecessor-version":[{"id":2879,"href":"https:\/\/www.aaps.org.br\/site\/wp-json\/wp\/v2\/pages\/2878\/revisions\/2879"}],"wp:attachment":[{"href":"https:\/\/www.aaps.org.br\/site\/wp-json\/wp\/v2\/media?parent=2878"}],"curies":[{"name":"wp","href":"https:\/\/api.w.org\/{rel}","templated":true}]}}