{"id":22,"date":"2016-10-04T14:09:53","date_gmt":"2016-10-04T17:09:53","guid":{"rendered":"http:\/\/www.aaps.org.br\/site\/?page_id=22"},"modified":"2026-04-29T14:01:25","modified_gmt":"2026-04-29T17:01:25","slug":"aniversariantes","status":"publish","type":"page","link":"https:\/\/www.aaps.org.br\/site\/aniversariantes\/","title":{"rendered":"ANIVERSARIANTES"},"content":{"rendered":"<p><strong>Parab\u00e9ns&#8230;&#8230;muitas felicidades&#8230;.aos aniversariantes<\/strong><\/p>\n<table border=\"0\" width=\"100%\" cellspacing=\"5\" cellpadding=\"5\">\n<tbody>\n<tr>\n<td valign=\"bottom\" nowrap=\"nowrap\" bgcolor=\"#ccc\">\n<p align=\"center\"><strong>DIA<\/strong><\/p>\n<\/td>\n<td valign=\"bottom\" nowrap=\"nowrap\" bgcolor=\"#ccc\"><strong>ANIVERSARIANTES DO M\u00caS DE MAIO<\/strong><\/td>\n<\/tr>\n<tr>\n<td valign=\"bottom\" nowrap=\"nowrap\" width=\"64\">\n<p align=\"center\">01<\/p>\n<\/td>\n<td valign=\"bottom\" nowrap=\"nowrap\" width=\"260\">JOS\u00c9 AD\u00c3O HAAS<\/td>\n<\/tr>\n<tr>\n<td valign=\"bottom\" nowrap=\"nowrap\" bgcolor=\"#eee\" width=\"64\">\n<p align=\"center\">01<\/p>\n<\/td>\n<td valign=\"bottom\" nowrap=\"nowrap\" bgcolor=\"#eee\" width=\"260\">ROBERTO FERRAZ<\/td>\n<\/tr>\n<tr>\n<td valign=\"bottom\" nowrap=\"nowrap\" width=\"64\">\n<p align=\"center\">02<\/p>\n<\/td>\n<td valign=\"bottom\" nowrap=\"nowrap\" width=\"260\">HELENA MARGARETE BARTL<\/td>\n<\/tr>\n<tr>\n<td valign=\"bottom\" nowrap=\"nowrap\" bgcolor=\"#eee\" width=\"64\">\n<p align=\"center\">03<\/p>\n<\/td>\n<td valign=\"bottom\" nowrap=\"nowrap\" bgcolor=\"#eee\" width=\"260\">MARCOS BARDAGI<\/td>\n<\/tr>\n<tr>\n<td valign=\"bottom\" nowrap=\"nowrap\" width=\"64\">\n<p align=\"center\">05<\/p>\n<\/td>\n<td valign=\"bottom\" nowrap=\"nowrap\" width=\"260\">AMADEU JOS\u00c9 ACORSI<\/td>\n<\/tr>\n<tr>\n<td valign=\"bottom\" nowrap=\"nowrap\" bgcolor=\"#eee\" width=\"64\">\n<p align=\"center\">07<\/p>\n<\/td>\n<td valign=\"bottom\" nowrap=\"nowrap\" bgcolor=\"#eee\" width=\"260\">HELMUT CARLOS GERALDO STRUBE<\/td>\n<\/tr>\n<tr>\n<td valign=\"bottom\" nowrap=\"nowrap\" width=\"64\">\n<p align=\"center\">08<\/p>\n<\/td>\n<td valign=\"bottom\" nowrap=\"nowrap\" width=\"260\">RICARDO KENZO MOTOMATSU<\/td>\n<\/tr>\n<tr>\n<td valign=\"bottom\" nowrap=\"nowrap\" bgcolor=\"#eee\" width=\"64\">\n<p align=\"center\">10<\/p>\n<\/td>\n<td valign=\"bottom\" nowrap=\"nowrap\" bgcolor=\"#eee\" width=\"260\">LAERCIO RODRIGUES GOMES<\/td>\n<\/tr>\n<tr>\n<td valign=\"bottom\" nowrap=\"nowrap\" width=\"64\">\n<p align=\"center\">10<\/p>\n<\/td>\n<td valign=\"bottom\" nowrap=\"nowrap\" width=\"260\">EUCLIDES VALENTE SOARES<\/td>\n<\/tr>\n<tr>\n<td valign=\"bottom\" nowrap=\"nowrap\" bgcolor=\"#eee\" width=\"64\">\n<p align=\"center\">11<\/p>\n<\/td>\n<td valign=\"bottom\" nowrap=\"nowrap\" bgcolor=\"#eee\" width=\"260\">AURELIO SURIANI<\/td>\n<\/tr>\n<tr>\n<td valign=\"bottom\" nowrap=\"nowrap\" width=\"64\">\n<p align=\"center\">12<\/p>\n<\/td>\n<td valign=\"bottom\" nowrap=\"nowrap\" width=\"260\">GUILLERMO J CORRALES<\/td>\n<\/tr>\n<tr>\n<td valign=\"bottom\" nowrap=\"nowrap\" bgcolor=\"#eee\" width=\"64\">\n<p align=\"center\">13<\/p>\n<\/td>\n<td valign=\"bottom\" nowrap=\"nowrap\" bgcolor=\"#eee\" width=\"260\">JOS\u00c9 RUBENS CAMARGO<\/td>\n<\/tr>\n<tr>\n<td valign=\"bottom\" nowrap=\"nowrap\" width=\"64\">\n<p align=\"center\">16<\/p>\n<\/td>\n<td valign=\"bottom\" nowrap=\"nowrap\" width=\"260\">FRANCISCO SANCHES JR<\/td>\n<\/tr>\n<tr>\n<td valign=\"bottom\" nowrap=\"nowrap\" bgcolor=\"#eee\" width=\"64\">\n<p align=\"center\">16<\/p>\n<\/td>\n<td valign=\"bottom\" nowrap=\"nowrap\" bgcolor=\"#eee\" width=\"260\">ULISSES FRANCISCO DE PAULA FILHO<\/td>\n<\/tr>\n<tr>\n<td valign=\"bottom\" nowrap=\"nowrap\" width=\"64\">\n<p align=\"center\">18<\/p>\n<\/td>\n<td valign=\"bottom\" nowrap=\"nowrap\" width=\"260\">MARIO NELSON LEMES<\/td>\n<\/tr>\n<tr>\n<td valign=\"bottom\" nowrap=\"nowrap\" bgcolor=\"#eee\" width=\"64\">\n<p align=\"center\">19<\/p>\n<\/td>\n<td valign=\"bottom\" nowrap=\"nowrap\" bgcolor=\"#eee\" width=\"260\">LUIS ERNESTO ALLENDES PENA<\/td>\n<\/tr>\n<tr>\n<td valign=\"bottom\" nowrap=\"nowrap\" width=\"64\">\n<p align=\"center\">21<\/p>\n<\/td>\n<td valign=\"bottom\" nowrap=\"nowrap\" width=\"260\">EZIO FERRARI JUNIOR<\/td>\n<\/tr>\n<tr>\n<td valign=\"bottom\" nowrap=\"nowrap\" bgcolor=\"#eee\" width=\"64\">\n<p align=\"center\">22<\/p>\n<\/td>\n<td valign=\"bottom\" nowrap=\"nowrap\" bgcolor=\"#eee\" width=\"260\">NELSON TADAHIRO KUROIWA<\/td>\n<\/tr>\n<tr>\n<td valign=\"bottom\" nowrap=\"nowrap\" width=\"64\">\n<p align=\"center\">24<\/p>\n<\/td>\n<td valign=\"bottom\" nowrap=\"nowrap\" width=\"260\">JO\u00c3O JORGE GEWERS<\/td>\n<\/tr>\n<tr>\n<td valign=\"bottom\" nowrap=\"nowrap\" bgcolor=\"#eee\" width=\"64\">\n<p align=\"center\">26<\/p>\n<\/td>\n<td valign=\"bottom\" nowrap=\"nowrap\" bgcolor=\"#eee\" width=\"260\">LUIS CARLOS HENRIQUES DE SOUZA<\/td>\n<\/tr>\n<tr>\n<td valign=\"bottom\" nowrap=\"nowrap\" width=\"64\">\n<p align=\"center\">26<\/p>\n<\/td>\n<td valign=\"bottom\" nowrap=\"nowrap\" width=\"260\">JOS\u00c9 ORTEGA FILHO<\/td>\n<\/tr>\n<tr>\n<td valign=\"bottom\" nowrap=\"nowrap\" bgcolor=\"#eee\" width=\"64\">\n<p align=\"center\">27<\/p>\n<\/td>\n<td valign=\"bottom\" nowrap=\"nowrap\" bgcolor=\"#eee\" width=\"260\">OSCAR SATOSHI MITO<\/td>\n<\/tr>\n<tr>\n<td valign=\"bottom\" nowrap=\"nowrap\" width=\"64\">\n<p align=\"center\">28<\/p>\n<\/td>\n<td valign=\"bottom\" nowrap=\"nowrap\" width=\"260\">BERNARDO PAULA LIMA SALUM<\/td>\n<\/tr>\n<tr>\n<td valign=\"bottom\" nowrap=\"nowrap\" bgcolor=\"#eee\" width=\"64\">\n<p align=\"center\">29<\/p>\n<\/td>\n<td valign=\"bottom\" nowrap=\"nowrap\" bgcolor=\"#eee\" width=\"260\">MARIO AFONSO HAAS<\/td>\n<\/tr>\n<tr>\n<td valign=\"bottom\" nowrap=\"nowrap\" width=\"64\">\n<p align=\"center\">30<\/p>\n<\/td>\n<td valign=\"bottom\" nowrap=\"nowrap\" width=\"260\">MARIO GUILHERME KLEIN<\/td>\n<\/tr>\n<tr>\n<td valign=\"bottom\" nowrap=\"nowrap\" bgcolor=\"#eee\" width=\"64\">\n<p align=\"center\">31<\/p>\n<\/td>\n<td valign=\"bottom\" nowrap=\"nowrap\" bgcolor=\"#eee\" width=\"260\">ALBERTO WISBECK FILHO<\/td>\n<\/tr>\n<tr>\n<td valign=\"bottom\" nowrap=\"nowrap\" width=\"64\">\n<p align=\"center\">31<\/p>\n<\/td>\n<td valign=\"bottom\" nowrap=\"nowrap\" width=\"260\">WALDYR MONTEIRO<\/td>\n<\/tr>\n<\/tbody>\n<\/table>\n","protected":false},"excerpt":{"rendered":"<div class=\"slide-text-bg2\"><span>Parab\u00e9ns&#8230;&#8230;muitas felicidades&#8230;.aos aniversariantes DIA ANIVERSARIANTES DO M\u00caS DE MAIO 01 JOS\u00c9 AD\u00c3O HAAS 01 ROBERTO FERRAZ 02 HELENA MA<\/span><\/div>\n<div class=\"slide-btn-area-sm\"><a href=\"https:\/\/www.aaps.org.br\/site\/aniversariantes\/\" class=\"slide-btn-sm\"><br \/>\n\t\t\t\t\t\t   Leia mais<\/a><\/div>\n","protected":false},"author":1,"featured_media":0,"parent":0,"menu_order":0,"comment_status":"closed","ping_status":"closed","template":"","meta":[],"_links":{"self":[{"href":"https:\/\/www.aaps.org.br\/site\/wp-json\/wp\/v2\/pages\/22"}],"collection":[{"href":"https:\/\/www.aaps.org.br\/site\/wp-json\/wp\/v2\/pages"}],"about":[{"href":"https:\/\/www.aaps.org.br\/site\/wp-json\/wp\/v2\/types\/page"}],"author":[{"embeddable":true,"href":"https:\/\/www.aaps.org.br\/site\/wp-json\/wp\/v2\/users\/1"}],"replies":[{"embeddable":true,"href":"https:\/\/www.aaps.org.br\/site\/wp-json\/wp\/v2\/comments?post=22"}],"version-history":[{"count":133,"href":"https:\/\/www.aaps.org.br\/site\/wp-json\/wp\/v2\/pages\/22\/revisions"}],"predecessor-version":[{"id":2862,"href":"https:\/\/www.aaps.org.br\/site\/wp-json\/wp\/v2\/pages\/22\/revisions\/2862"}],"wp:attachment":[{"href":"https:\/\/www.aaps.org.br\/site\/wp-json\/wp\/v2\/media?parent=22"}],"curies":[{"name":"wp","href":"https:\/\/api.w.org\/{rel}","templated":true}]}}